
{"id":25937,"date":"2018-01-14T11:05:37","date_gmt":"2018-01-14T09:05:37","guid":{"rendered":"https:\/\/www.viabelgica.nl\/loop-of-fiets-een-route\/"},"modified":"2026-05-17T07:06:47","modified_gmt":"2026-05-17T05:06:47","slug":"loop-of-fiets-een-route","status":"publish","type":"page","link":"https:\/\/www.viabelgica.nl\/de\/loop-of-fiets-een-route\/","title":{"rendered":"Wandere oder radle eine unserer Routen"},"content":{"rendered":"","protected":false},"excerpt":{"rendered":"","protected":false},"author":1,"featured_media":0,"parent":0,"menu_order":0,"comment_status":"closed","ping_status":"closed","template":"page-loop-of-fiets-een-route.php","meta":{"_acf_changed":false,"inline_featured_image":false,"footnotes":""},"class_list":["post-25937","page","type-page","status-publish","hentry"],"acf":{"builder":[{"acf_fc_layout":"tekstblok","tekst1":"<h2>Wandere oder radle unsere Routen\r\nmithilfe der App.<\/h2>\r\nUnsere App begleitet dich durch die Landschaft und enth\u00e4lt zahlreiche r\u00f6mische Geschichten mit Audiobeitr\u00e4gen, 3D-Visualisierungen, Videos und vielem mehr.","button_group2":[{"button_tekst2":"Apple App Store","button_link2":{"title":"","url":"https:\/\/apps.apple.com\/nl\/app\/via-belgica\/id1375249318","target":"_blank"}},{"button_tekst2":"Google Play Store","button_link2":{"title":"","url":"https:\/\/play.google.com\/store\/apps\/details?id=nl.betawerk.viabelgica","target":"_blank"}}],"uitlijning":false,"achtergrondkleur":"rood","id":"downloaddeapp"}],"hoofdtitel":"Wandere oder radle eine unserer Routen \r\ndurch S\u00fcd-Limburg mit r\u00f6mischem Erbe","subtitel":"Atemberaubende Landschaften voller r\u00f6mischer Geschichten","afbeelding_desktop1":11925,"afbeelding_mobiel1":11919},"yoast_head":"<!-- This site is optimized with the Yoast SEO plugin v27.6 - https:\/\/yoast.com\/product\/yoast-seo-wordpress\/ -->\n<title>Wandere oder radle eine unserer Routen - Via Belgica<\/title>\n<meta name=\"robots\" content=\"index, follow, max-snippet:-1, max-image-preview:large, max-video-preview:-1\" \/>\n<link rel=\"canonical\" href=\"https:\/\/www.viabelgica.nl\/de\/loop-of-fiets-een-route\/\" \/>\n<meta property=\"og:locale\" content=\"de_DE\" \/>\n<meta property=\"og:type\" content=\"article\" \/>\n<meta property=\"og:title\" content=\"Wandere oder radle eine unserer Routen - Via Belgica\" \/>\n<meta property=\"og:url\" content=\"https:\/\/www.viabelgica.nl\/de\/loop-of-fiets-een-route\/\" \/>\n<meta property=\"og:site_name\" content=\"Via Belgica\" \/>\n<meta property=\"article:modified_time\" content=\"2026-05-17T05:06:47+00:00\" \/>\n<script type=\"application\/ld+json\" class=\"yoast-schema-graph\">{\"@context\":\"https:\\\/\\\/schema.org\",\"@graph\":[{\"@type\":\"WebPage\",\"@id\":\"https:\\\/\\\/www.viabelgica.nl\\\/de\\\/loop-of-fiets-een-route\\\/\",\"url\":\"https:\\\/\\\/www.viabelgica.nl\\\/de\\\/loop-of-fiets-een-route\\\/\",\"name\":\"Wandere oder radle eine unserer Routen - Via Belgica\",\"isPartOf\":{\"@id\":\"https:\\\/\\\/www.viabelgica.nl\\\/de\\\/#website\"},\"datePublished\":\"2018-01-14T09:05:37+00:00\",\"dateModified\":\"2026-05-17T05:06:47+00:00\",\"breadcrumb\":{\"@id\":\"https:\\\/\\\/www.viabelgica.nl\\\/de\\\/loop-of-fiets-een-route\\\/#breadcrumb\"},\"inLanguage\":\"de\",\"potentialAction\":[{\"@type\":\"ReadAction\",\"target\":[\"https:\\\/\\\/www.viabelgica.nl\\\/de\\\/loop-of-fiets-een-route\\\/\"]}]},{\"@type\":\"BreadcrumbList\",\"@id\":\"https:\\\/\\\/www.viabelgica.nl\\\/de\\\/loop-of-fiets-een-route\\\/#breadcrumb\",\"itemListElement\":[{\"@type\":\"ListItem\",\"position\":1,\"name\":\"Home\",\"item\":\"https:\\\/\\\/www.viabelgica.nl\\\/de\\\/\"},{\"@type\":\"ListItem\",\"position\":2,\"name\":\"Wandere oder radle eine unserer Routen\"}]},{\"@type\":\"WebSite\",\"@id\":\"https:\\\/\\\/www.viabelgica.nl\\\/de\\\/#website\",\"url\":\"https:\\\/\\\/www.viabelgica.nl\\\/de\\\/\",\"name\":\"Via Belgica\",\"description\":\"\",\"potentialAction\":[{\"@type\":\"SearchAction\",\"target\":{\"@type\":\"EntryPoint\",\"urlTemplate\":\"https:\\\/\\\/www.viabelgica.nl\\\/de\\\/?s={search_term_string}\"},\"query-input\":{\"@type\":\"PropertyValueSpecification\",\"valueRequired\":true,\"valueName\":\"search_term_string\"}}],\"inLanguage\":\"de\"}]}<\/script>\n<!-- \/ Yoast SEO plugin. -->","yoast_head_json":{"title":"Wandere oder radle eine unserer Routen - Via Belgica","robots":{"index":"index","follow":"follow","max-snippet":"max-snippet:-1","max-image-preview":"max-image-preview:large","max-video-preview":"max-video-preview:-1"},"canonical":"https:\/\/www.viabelgica.nl\/de\/loop-of-fiets-een-route\/","og_locale":"de_DE","og_type":"article","og_title":"Wandere oder radle eine unserer Routen - Via Belgica","og_url":"https:\/\/www.viabelgica.nl\/de\/loop-of-fiets-een-route\/","og_site_name":"Via Belgica","article_modified_time":"2026-05-17T05:06:47+00:00","schema":{"@context":"https:\/\/schema.org","@graph":[{"@type":"WebPage","@id":"https:\/\/www.viabelgica.nl\/de\/loop-of-fiets-een-route\/","url":"https:\/\/www.viabelgica.nl\/de\/loop-of-fiets-een-route\/","name":"Wandere oder radle eine unserer Routen - Via Belgica","isPartOf":{"@id":"https:\/\/www.viabelgica.nl\/de\/#website"},"datePublished":"2018-01-14T09:05:37+00:00","dateModified":"2026-05-17T05:06:47+00:00","breadcrumb":{"@id":"https:\/\/www.viabelgica.nl\/de\/loop-of-fiets-een-route\/#breadcrumb"},"inLanguage":"de","potentialAction":[{"@type":"ReadAction","target":["https:\/\/www.viabelgica.nl\/de\/loop-of-fiets-een-route\/"]}]},{"@type":"BreadcrumbList","@id":"https:\/\/www.viabelgica.nl\/de\/loop-of-fiets-een-route\/#breadcrumb","itemListElement":[{"@type":"ListItem","position":1,"name":"Home","item":"https:\/\/www.viabelgica.nl\/de\/"},{"@type":"ListItem","position":2,"name":"Wandere oder radle eine unserer Routen"}]},{"@type":"WebSite","@id":"https:\/\/www.viabelgica.nl\/de\/#website","url":"https:\/\/www.viabelgica.nl\/de\/","name":"Via Belgica","description":"","potentialAction":[{"@type":"SearchAction","target":{"@type":"EntryPoint","urlTemplate":"https:\/\/www.viabelgica.nl\/de\/?s={search_term_string}"},"query-input":{"@type":"PropertyValueSpecification","valueRequired":true,"valueName":"search_term_string"}}],"inLanguage":"de"}]}},"_links":{"self":[{"href":"https:\/\/www.viabelgica.nl\/de\/wp-json\/wp\/v2\/pages\/25937","targetHints":{"allow":["GET"]}}],"collection":[{"href":"https:\/\/www.viabelgica.nl\/de\/wp-json\/wp\/v2\/pages"}],"about":[{"href":"https:\/\/www.viabelgica.nl\/de\/wp-json\/wp\/v2\/types\/page"}],"author":[{"embeddable":true,"href":"https:\/\/www.viabelgica.nl\/de\/wp-json\/wp\/v2\/users\/1"}],"replies":[{"embeddable":true,"href":"https:\/\/www.viabelgica.nl\/de\/wp-json\/wp\/v2\/comments?post=25937"}],"version-history":[{"count":2,"href":"https:\/\/www.viabelgica.nl\/de\/wp-json\/wp\/v2\/pages\/25937\/revisions"}],"predecessor-version":[{"id":25942,"href":"https:\/\/www.viabelgica.nl\/de\/wp-json\/wp\/v2\/pages\/25937\/revisions\/25942"}],"wp:attachment":[{"href":"https:\/\/www.viabelgica.nl\/de\/wp-json\/wp\/v2\/media?parent=25937"}],"curies":[{"name":"wp","href":"https:\/\/api.w.org\/{rel}","templated":true}]}}