
{"id":12910,"date":"2024-01-15T16:31:57","date_gmt":"2024-01-15T14:31:57","guid":{"rendered":"https:\/\/www.viabelgica.nl\/?page_id=12910"},"modified":"2025-03-18T12:20:57","modified_gmt":"2025-03-18T10:20:57","slug":"evenements","status":"publish","type":"page","link":"https:\/\/www.viabelgica.nl\/fr\/evenements\/","title":{"rendered":"\u00c9v\u00e9nements"},"content":{"rendered":"","protected":false},"excerpt":{"rendered":"","protected":false},"author":1,"featured_media":0,"parent":0,"menu_order":0,"comment_status":"closed","ping_status":"closed","template":"","meta":{"_acf_changed":false,"inline_featured_image":false,"footnotes":""},"class_list":["post-12910","page","type-page","status-publish","hentry"],"acf":{"hoofdtitel":"\u00c9v\u00e9nements","subtitel":"D\u00e9couvrez ici toutes les activit\u00e9s de Via Belgica et de nos partenaires.","afbeelding_desktop1":null,"afbeelding_mobiel1":null},"_links":{"self":[{"href":"https:\/\/www.viabelgica.nl\/fr\/wp-json\/wp\/v2\/pages\/12910","targetHints":{"allow":["GET"]}}],"collection":[{"href":"https:\/\/www.viabelgica.nl\/fr\/wp-json\/wp\/v2\/pages"}],"about":[{"href":"https:\/\/www.viabelgica.nl\/fr\/wp-json\/wp\/v2\/types\/page"}],"author":[{"embeddable":true,"href":"https:\/\/www.viabelgica.nl\/fr\/wp-json\/wp\/v2\/users\/1"}],"replies":[{"embeddable":true,"href":"https:\/\/www.viabelgica.nl\/fr\/wp-json\/wp\/v2\/comments?post=12910"}],"version-history":[{"count":3,"href":"https:\/\/www.viabelgica.nl\/fr\/wp-json\/wp\/v2\/pages\/12910\/revisions"}],"predecessor-version":[{"id":12913,"href":"https:\/\/www.viabelgica.nl\/fr\/wp-json\/wp\/v2\/pages\/12910\/revisions\/12913"}],"wp:attachment":[{"href":"https:\/\/www.viabelgica.nl\/fr\/wp-json\/wp\/v2\/media?parent=12910"}],"curies":[{"name":"wp","href":"https:\/\/api.w.org\/{rel}","templated":true}]}}