
{"id":13706,"date":"2018-01-14T10:51:36","date_gmt":"2018-01-14T08:51:36","guid":{"rendered":"https:\/\/www.viabelgica.nl\/?page_id=13706"},"modified":"2025-08-14T08:37:10","modified_gmt":"2025-08-14T06:37:10","slug":"home","status":"publish","type":"page","link":"https:\/\/www.viabelgica.nl\/fr\/","title":{"rendered":"Home"},"content":{"rendered":"","protected":false},"excerpt":{"rendered":"","protected":false},"author":1,"featured_media":0,"parent":0,"menu_order":0,"comment_status":"closed","ping_status":"closed","template":"","meta":{"_acf_changed":false,"inline_featured_image":false,"footnotes":""},"class_list":["post-13706","page","type-page","status-publish","hentry"],"acf":{"builder":[{"acf_fc_layout":"home_intro","hooftitel":"Via Belgica  \r\nRomains, Repos, Espace","subtitel":"Partez \u00e0 v\u00e9lo ou \u00e0 pied sur les traces des Romains, au c\u0153ur d\u2019un paysage vallonn\u00e9 \u00e0 couper le souffle!","afbeelding_desktop1":11924,"afbeelding_mobiel1":11918,"button_group":[{"button_tekst1":"Marchez un parcours","button_link1":{"title":"Wandelroutes","url":"https:\/\/www.viabelgica.nl\/loop-of-fiets-een-route\/?r=wandelroutes","target":""}},{"button_tekst1":"P\u00e9dalez un parcours","button_link1":{"title":"Fietsroutes","url":"https:\/\/www.viabelgica.nl\/loop-of-fiets-een-route\/?r=fietsroutes","target":""}},{"button_tekst1":"Visitez un \u00e9v\u00e9nement","button_link1":{"title":"\u00c9v\u00e9nements","url":"https:\/\/www.viabelgica.nl\/fr\/evenements\/","target":""}}]},{"acf_fc_layout":"interactieve_kaart"},{"acf_fc_layout":"tekstblok","tekst1":"<h2>Sur les traces de la Via Belgica<\/h2>\r\nLes Romains empruntaient la Via Belgica pour relier Boulogne-sur-Mer \u00e0 Cologne. Cette ancienne voie romaine de 400 km traversait Arras, Bavay, Tongres, Maastricht, Heerlen, J\u00fclich\u2026 et bien d\u2019autres lieux encore. Elle faisait partie d\u2019un vaste r\u00e9seau de routes et de voies navigables qui s\u2019\u00e9tendait jusqu\u2019aux confins de l\u2019Empire romain.\r\n\r\nAux carrefours, les Romains construisaient des postes de garde ou de petits villages, qui sont devenus au fil du temps des villes et des cit\u00e9s. Villas, villages, villes et tumulus pars\u00e8ment encore aujourd\u2019hui le paysage.\r\n\r\nPour te plonger dans ces histoires romaines le long de la Via Belgica et au c\u0153ur de ce magnifique paysage vallonn\u00e9, nous avons cr\u00e9\u00e9 de nombreux parcours avec r\u00e9cits, visualisations 3D, extraits audio et bien plus encore.\r\n<h3>\u00c0 toi maintenant de partir \u00e0 la d\u00e9couverte des histoires romaines !<\/h3>","button_group2":[{"button_tekst2":"En savoir plus sur la Via Belgica","button_link2":{"title":"About Via Belgica","url":"https:\/\/www.viabelgica.nl\/en\/over\/about-via-belgica\/","target":""}},{"button_tekst2":"Recherche","button_link2":{"title":"Onderzoek","url":"https:\/\/www.viabelgica.nl\/en\/over\/research\/","target":""}}],"uitlijning":true,"achtergrondkleur":"rood","id":""},{"acf_fc_layout":"hero_50_50","afbeelding_desktop11":11825,"tekstxx":"[embed]https:\/\/vimeo.com\/984443315?share=copy[\/embed]","button_group11":null,"achtergrondkleur11":"rood","viceversa11":false},{"acf_fc_layout":"home_events","uitgelichte_events":[5228,5402,5404]},{"acf_fc_layout":"blog_blok"},{"acf_fc_layout":"tekstblok","tekst1":"<h2>D\u00e9couvrez les entrepreneurs participants<\/h2>\r\nLe long des sentiers de randonn\u00e9e et des pistes cyclables, vous rencontrerez plusieurs entrepreneurs passionn\u00e9s, inspir\u00e9s par le pass\u00e9 romain. Aujourd\u2019hui encore, l\u2019esprit d\u2019innovation que les Romains ont apport\u00e9 dans le Nord peut stimuler vos sens.\r\n<h3>Laissez-vous surprendre par nos entrepreneurs !<\/h3>","button_group2":[{"button_tekst2":"Amis de la Via Belgica","button_link2":{"title":"Vrienden","url":"https:\/\/www.viabelgica.nl\/over\/vrienden\/","target":""}}],"uitlijning":true,"achtergrondkleur":"groen","id":""},{"acf_fc_layout":"op_de_hoogte_blok"},{"acf_fc_layout":"interreg_blok","tekst_interreg":"<h2>Un paysage romain international, plein d\u2019histoires et d\u2019exp\u00e9riences<\/h2>\r\nEntre 2025 et 2027, 13 partenaires de l\u2019Eur\u00e9gio uniront leurs forces pour faire revivre le pass\u00e9 romain. Via Via fera d\u00e9couvrir l\u2019histoire romaine \u00e0 9 sites situ\u00e9s en Belgique, aux Pays-Bas et en Allemagne. Les visiteurs pourront explorer des attractions romaines tout au long du parcours. Le projet propose un voyage unique \u00e0 travers l\u2019histoire, en franchissant les fronti\u00e8res nationales et linguistiques.","lees_meer_pagina":13809,"logo":12853}]},"yoast_head":"<!-- This site is optimized with the Yoast SEO plugin v27.6 - https:\/\/yoast.com\/product\/yoast-seo-wordpress\/ -->\n<title>Romeins Zuid-Limburg | Via Belgica<\/title>\n<meta name=\"robots\" content=\"index, follow, max-snippet:-1, max-image-preview:large, max-video-preview:-1\" \/>\n<link rel=\"canonical\" href=\"https:\/\/www.viabelgica.nl\/fr\/\" \/>\n<meta property=\"og:locale\" content=\"fr_FR\" \/>\n<meta property=\"og:type\" content=\"article\" \/>\n<meta property=\"og:title\" content=\"Romeins Zuid-Limburg | Via Belgica\" \/>\n<meta property=\"og:url\" content=\"https:\/\/www.viabelgica.nl\/fr\/\" \/>\n<meta property=\"og:site_name\" content=\"Via Belgica\" \/>\n<meta property=\"article:modified_time\" content=\"2025-08-14T06:37:10+00:00\" \/>\n<script type=\"application\/ld+json\" class=\"yoast-schema-graph\">{\"@context\":\"https:\\\/\\\/schema.org\",\"@graph\":[{\"@type\":\"WebPage\",\"@id\":\"https:\\\/\\\/www.viabelgica.nl\\\/fr\\\/\",\"url\":\"https:\\\/\\\/www.viabelgica.nl\\\/fr\\\/\",\"name\":\"Romeins Zuid-Limburg | Via Belgica\",\"isPartOf\":{\"@id\":\"https:\\\/\\\/www.viabelgica.nl\\\/fr\\\/#website\"},\"datePublished\":\"2018-01-14T08:51:36+00:00\",\"dateModified\":\"2025-08-14T06:37:10+00:00\",\"breadcrumb\":{\"@id\":\"https:\\\/\\\/www.viabelgica.nl\\\/fr\\\/#breadcrumb\"},\"inLanguage\":\"fr-FR\",\"potentialAction\":[{\"@type\":\"ReadAction\",\"target\":[\"https:\\\/\\\/www.viabelgica.nl\\\/fr\\\/\"]}]},{\"@type\":\"BreadcrumbList\",\"@id\":\"https:\\\/\\\/www.viabelgica.nl\\\/fr\\\/#breadcrumb\",\"itemListElement\":[{\"@type\":\"ListItem\",\"position\":1,\"name\":\"Home\",\"item\":\"https:\\\/\\\/www.viabelgica.nl\\\/fr\\\/\"},{\"@type\":\"ListItem\",\"position\":2,\"name\":\"Home\"}]},{\"@type\":\"WebSite\",\"@id\":\"https:\\\/\\\/www.viabelgica.nl\\\/fr\\\/#website\",\"url\":\"https:\\\/\\\/www.viabelgica.nl\\\/fr\\\/\",\"name\":\"Via Belgica\",\"description\":\"\",\"potentialAction\":[{\"@type\":\"SearchAction\",\"target\":{\"@type\":\"EntryPoint\",\"urlTemplate\":\"https:\\\/\\\/www.viabelgica.nl\\\/fr\\\/?s={search_term_string}\"},\"query-input\":{\"@type\":\"PropertyValueSpecification\",\"valueRequired\":true,\"valueName\":\"search_term_string\"}}],\"inLanguage\":\"fr-FR\"}]}<\/script>\n<!-- \/ Yoast SEO plugin. -->","yoast_head_json":{"title":"Romeins Zuid-Limburg | Via Belgica","robots":{"index":"index","follow":"follow","max-snippet":"max-snippet:-1","max-image-preview":"max-image-preview:large","max-video-preview":"max-video-preview:-1"},"canonical":"https:\/\/www.viabelgica.nl\/fr\/","og_locale":"fr_FR","og_type":"article","og_title":"Romeins Zuid-Limburg | Via Belgica","og_url":"https:\/\/www.viabelgica.nl\/fr\/","og_site_name":"Via Belgica","article_modified_time":"2025-08-14T06:37:10+00:00","schema":{"@context":"https:\/\/schema.org","@graph":[{"@type":"WebPage","@id":"https:\/\/www.viabelgica.nl\/fr\/","url":"https:\/\/www.viabelgica.nl\/fr\/","name":"Romeins Zuid-Limburg | Via Belgica","isPartOf":{"@id":"https:\/\/www.viabelgica.nl\/fr\/#website"},"datePublished":"2018-01-14T08:51:36+00:00","dateModified":"2025-08-14T06:37:10+00:00","breadcrumb":{"@id":"https:\/\/www.viabelgica.nl\/fr\/#breadcrumb"},"inLanguage":"fr-FR","potentialAction":[{"@type":"ReadAction","target":["https:\/\/www.viabelgica.nl\/fr\/"]}]},{"@type":"BreadcrumbList","@id":"https:\/\/www.viabelgica.nl\/fr\/#breadcrumb","itemListElement":[{"@type":"ListItem","position":1,"name":"Home","item":"https:\/\/www.viabelgica.nl\/fr\/"},{"@type":"ListItem","position":2,"name":"Home"}]},{"@type":"WebSite","@id":"https:\/\/www.viabelgica.nl\/fr\/#website","url":"https:\/\/www.viabelgica.nl\/fr\/","name":"Via Belgica","description":"","potentialAction":[{"@type":"SearchAction","target":{"@type":"EntryPoint","urlTemplate":"https:\/\/www.viabelgica.nl\/fr\/?s={search_term_string}"},"query-input":{"@type":"PropertyValueSpecification","valueRequired":true,"valueName":"search_term_string"}}],"inLanguage":"fr-FR"}]}},"_links":{"self":[{"href":"https:\/\/www.viabelgica.nl\/fr\/wp-json\/wp\/v2\/pages\/13706","targetHints":{"allow":["GET"]}}],"collection":[{"href":"https:\/\/www.viabelgica.nl\/fr\/wp-json\/wp\/v2\/pages"}],"about":[{"href":"https:\/\/www.viabelgica.nl\/fr\/wp-json\/wp\/v2\/types\/page"}],"author":[{"embeddable":true,"href":"https:\/\/www.viabelgica.nl\/fr\/wp-json\/wp\/v2\/users\/1"}],"replies":[{"embeddable":true,"href":"https:\/\/www.viabelgica.nl\/fr\/wp-json\/wp\/v2\/comments?post=13706"}],"version-history":[{"count":5,"href":"https:\/\/www.viabelgica.nl\/fr\/wp-json\/wp\/v2\/pages\/13706\/revisions"}],"predecessor-version":[{"id":13820,"href":"https:\/\/www.viabelgica.nl\/fr\/wp-json\/wp\/v2\/pages\/13706\/revisions\/13820"}],"wp:attachment":[{"href":"https:\/\/www.viabelgica.nl\/fr\/wp-json\/wp\/v2\/media?parent=13706"}],"curies":[{"name":"wp","href":"https:\/\/api.w.org\/{rel}","templated":true}]}}