
{"id":25936,"date":"2018-01-14T11:05:37","date_gmt":"2018-01-14T09:05:37","guid":{"rendered":"https:\/\/www.viabelgica.nl\/loop-of-fiets-een-route\/"},"modified":"2026-05-17T07:06:55","modified_gmt":"2026-05-17T05:06:55","slug":"loop-of-fiets-een-route","status":"publish","type":"page","link":"https:\/\/www.viabelgica.nl\/fr\/loop-of-fiets-een-route\/","title":{"rendered":"Parcourez \u00e0 pied ou \u00e0 v\u00e9lo l\u2019un de nos itin\u00e9raires"},"content":{"rendered":"","protected":false},"excerpt":{"rendered":"","protected":false},"author":1,"featured_media":0,"parent":0,"menu_order":0,"comment_status":"closed","ping_status":"closed","template":"page-loop-of-fiets-een-route.php","meta":{"_acf_changed":false,"inline_featured_image":false,"footnotes":""},"class_list":["post-25936","page","type-page","status-publish","hentry"],"acf":{"builder":[{"acf_fc_layout":"tekstblok","tekst1":"<h2>Parcourez nos itin\u00e9raires \u00e0 pied ou \u00e0 v\u00e9lo\r\n\u00e0 l\u2019aide de l\u2019application.<\/h2>\r\nNotre application vous guide \u00e0 travers le paysage et propose de nombreux r\u00e9cits romains avec des extraits audio, des visualisations 3D, des vid\u00e9os, et bien plus encore.","button_group2":[{"button_tekst2":"Apple App Store","button_link2":{"title":"","url":"https:\/\/apps.apple.com\/nl\/app\/via-belgica\/id1375249318","target":"_blank"}},{"button_tekst2":"Google Play Store","button_link2":{"title":"","url":"https:\/\/play.google.com\/store\/apps\/details?id=nl.betawerk.viabelgica","target":"_blank"}}],"uitlijning":false,"achtergrondkleur":"rood","id":"downloaddeapp"}],"hoofdtitel":"Parcourez \u00e0 pied ou \u00e0 v\u00e9lo l\u2019un de nos itin\u00e9raires\r\n\u00e0 travers le Limbourg du Sud et son patrimoine romain","subtitel":"Des paysages \u00e0 couper le souffle remplis d\u2019histoires romaines","afbeelding_desktop1":11924,"afbeelding_mobiel1":11918},"yoast_head":"<!-- This site is optimized with the Yoast SEO plugin v27.6 - https:\/\/yoast.com\/product\/yoast-seo-wordpress\/ -->\n<title>Parcourez \u00e0 pied ou \u00e0 v\u00e9lo l\u2019un de nos itin\u00e9raires - Via Belgica<\/title>\n<meta name=\"robots\" content=\"index, follow, max-snippet:-1, max-image-preview:large, max-video-preview:-1\" \/>\n<link rel=\"canonical\" href=\"https:\/\/www.viabelgica.nl\/fr\/loop-of-fiets-een-route\/\" \/>\n<meta property=\"og:locale\" content=\"fr_FR\" \/>\n<meta property=\"og:type\" content=\"article\" \/>\n<meta property=\"og:title\" content=\"Parcourez \u00e0 pied ou \u00e0 v\u00e9lo l\u2019un de nos itin\u00e9raires - Via Belgica\" \/>\n<meta property=\"og:url\" content=\"https:\/\/www.viabelgica.nl\/fr\/loop-of-fiets-een-route\/\" \/>\n<meta property=\"og:site_name\" content=\"Via Belgica\" \/>\n<meta property=\"article:modified_time\" content=\"2026-05-17T05:06:55+00:00\" \/>\n<script type=\"application\/ld+json\" class=\"yoast-schema-graph\">{\"@context\":\"https:\\\/\\\/schema.org\",\"@graph\":[{\"@type\":\"WebPage\",\"@id\":\"https:\\\/\\\/www.viabelgica.nl\\\/fr\\\/loop-of-fiets-een-route\\\/\",\"url\":\"https:\\\/\\\/www.viabelgica.nl\\\/fr\\\/loop-of-fiets-een-route\\\/\",\"name\":\"Parcourez \u00e0 pied ou \u00e0 v\u00e9lo l\u2019un de nos itin\u00e9raires - Via Belgica\",\"isPartOf\":{\"@id\":\"https:\\\/\\\/www.viabelgica.nl\\\/fr\\\/#website\"},\"datePublished\":\"2018-01-14T09:05:37+00:00\",\"dateModified\":\"2026-05-17T05:06:55+00:00\",\"breadcrumb\":{\"@id\":\"https:\\\/\\\/www.viabelgica.nl\\\/fr\\\/loop-of-fiets-een-route\\\/#breadcrumb\"},\"inLanguage\":\"fr-FR\",\"potentialAction\":[{\"@type\":\"ReadAction\",\"target\":[\"https:\\\/\\\/www.viabelgica.nl\\\/fr\\\/loop-of-fiets-een-route\\\/\"]}]},{\"@type\":\"BreadcrumbList\",\"@id\":\"https:\\\/\\\/www.viabelgica.nl\\\/fr\\\/loop-of-fiets-een-route\\\/#breadcrumb\",\"itemListElement\":[{\"@type\":\"ListItem\",\"position\":1,\"name\":\"Home\",\"item\":\"https:\\\/\\\/www.viabelgica.nl\\\/fr\\\/\"},{\"@type\":\"ListItem\",\"position\":2,\"name\":\"Parcourez \u00e0 pied ou \u00e0 v\u00e9lo l\u2019un de nos itin\u00e9raires\"}]},{\"@type\":\"WebSite\",\"@id\":\"https:\\\/\\\/www.viabelgica.nl\\\/fr\\\/#website\",\"url\":\"https:\\\/\\\/www.viabelgica.nl\\\/fr\\\/\",\"name\":\"Via Belgica\",\"description\":\"\",\"potentialAction\":[{\"@type\":\"SearchAction\",\"target\":{\"@type\":\"EntryPoint\",\"urlTemplate\":\"https:\\\/\\\/www.viabelgica.nl\\\/fr\\\/?s={search_term_string}\"},\"query-input\":{\"@type\":\"PropertyValueSpecification\",\"valueRequired\":true,\"valueName\":\"search_term_string\"}}],\"inLanguage\":\"fr-FR\"}]}<\/script>\n<!-- \/ Yoast SEO plugin. -->","yoast_head_json":{"title":"Parcourez \u00e0 pied ou \u00e0 v\u00e9lo l\u2019un de nos itin\u00e9raires - Via Belgica","robots":{"index":"index","follow":"follow","max-snippet":"max-snippet:-1","max-image-preview":"max-image-preview:large","max-video-preview":"max-video-preview:-1"},"canonical":"https:\/\/www.viabelgica.nl\/fr\/loop-of-fiets-een-route\/","og_locale":"fr_FR","og_type":"article","og_title":"Parcourez \u00e0 pied ou \u00e0 v\u00e9lo l\u2019un de nos itin\u00e9raires - Via Belgica","og_url":"https:\/\/www.viabelgica.nl\/fr\/loop-of-fiets-een-route\/","og_site_name":"Via Belgica","article_modified_time":"2026-05-17T05:06:55+00:00","schema":{"@context":"https:\/\/schema.org","@graph":[{"@type":"WebPage","@id":"https:\/\/www.viabelgica.nl\/fr\/loop-of-fiets-een-route\/","url":"https:\/\/www.viabelgica.nl\/fr\/loop-of-fiets-een-route\/","name":"Parcourez \u00e0 pied ou \u00e0 v\u00e9lo l\u2019un de nos itin\u00e9raires - Via Belgica","isPartOf":{"@id":"https:\/\/www.viabelgica.nl\/fr\/#website"},"datePublished":"2018-01-14T09:05:37+00:00","dateModified":"2026-05-17T05:06:55+00:00","breadcrumb":{"@id":"https:\/\/www.viabelgica.nl\/fr\/loop-of-fiets-een-route\/#breadcrumb"},"inLanguage":"fr-FR","potentialAction":[{"@type":"ReadAction","target":["https:\/\/www.viabelgica.nl\/fr\/loop-of-fiets-een-route\/"]}]},{"@type":"BreadcrumbList","@id":"https:\/\/www.viabelgica.nl\/fr\/loop-of-fiets-een-route\/#breadcrumb","itemListElement":[{"@type":"ListItem","position":1,"name":"Home","item":"https:\/\/www.viabelgica.nl\/fr\/"},{"@type":"ListItem","position":2,"name":"Parcourez \u00e0 pied ou \u00e0 v\u00e9lo l\u2019un de nos itin\u00e9raires"}]},{"@type":"WebSite","@id":"https:\/\/www.viabelgica.nl\/fr\/#website","url":"https:\/\/www.viabelgica.nl\/fr\/","name":"Via Belgica","description":"","potentialAction":[{"@type":"SearchAction","target":{"@type":"EntryPoint","urlTemplate":"https:\/\/www.viabelgica.nl\/fr\/?s={search_term_string}"},"query-input":{"@type":"PropertyValueSpecification","valueRequired":true,"valueName":"search_term_string"}}],"inLanguage":"fr-FR"}]}},"_links":{"self":[{"href":"https:\/\/www.viabelgica.nl\/fr\/wp-json\/wp\/v2\/pages\/25936","targetHints":{"allow":["GET"]}}],"collection":[{"href":"https:\/\/www.viabelgica.nl\/fr\/wp-json\/wp\/v2\/pages"}],"about":[{"href":"https:\/\/www.viabelgica.nl\/fr\/wp-json\/wp\/v2\/types\/page"}],"author":[{"embeddable":true,"href":"https:\/\/www.viabelgica.nl\/fr\/wp-json\/wp\/v2\/users\/1"}],"replies":[{"embeddable":true,"href":"https:\/\/www.viabelgica.nl\/fr\/wp-json\/wp\/v2\/comments?post=25936"}],"version-history":[{"count":3,"href":"https:\/\/www.viabelgica.nl\/fr\/wp-json\/wp\/v2\/pages\/25936\/revisions"}],"predecessor-version":[{"id":25940,"href":"https:\/\/www.viabelgica.nl\/fr\/wp-json\/wp\/v2\/pages\/25936\/revisions\/25940"}],"wp:attachment":[{"href":"https:\/\/www.viabelgica.nl\/fr\/wp-json\/wp\/v2\/media?parent=25936"}],"curies":[{"name":"wp","href":"https:\/\/api.w.org\/{rel}","templated":true}]}}